{"id":3017,"date":"2021-10-27T13:46:06","date_gmt":"2021-10-27T13:46:06","guid":{"rendered":"https:\/\/basquecountry-spain-dmc.com\/?page_id=3017"},"modified":"2021-11-16T09:29:23","modified_gmt":"2021-11-16T09:29:23","slug":"cookie-richtlinie","status":"publish","type":"page","link":"https:\/\/basquecountry-spain-dmc.com\/de\/cookie-richtlinie\/","title":{"rendered":"Cookie-Richtlinie"},"content":{"rendered":"<div id='av_section_1'  class='avia-section av-b2e221-037a783239e4ffcc4f4e51de556dbf43 main_color avia-section-default avia-no-border-styling  avia-builder-el-0  avia-builder-el-no-sibling  avia-bg-style-scroll container_wrap sidebar_right'  ><div class='container av-section-cont-open' ><main  role=\"main\" itemprop=\"mainContentOfPage\"  class='template-page content  av-content-small alpha units'><div class='post-entry post-entry-type-page post-entry-3017'><div class='entry-content-wrapper clearfix'>\n<div class='flex_column_table av-y77bd-ba9ea58d61ec08c065c501d988c4f257 sc-av_four_fifth av-equal-height-column-flextable'>\n<style type=\"text\/css\" data-created_by=\"avia_inline_auto\" id=\"style-css-av-y77bd-ba9ea58d61ec08c065c501d988c4f257\">\n.flex_column.av-y77bd-ba9ea58d61ec08c065c501d988c4f257{\nborder-radius:0px 0px 0px 0px;\npadding:0px 0px 0px 0px;\n}\n<\/style>\n<div  class='flex_column av-y77bd-ba9ea58d61ec08c065c501d988c4f257 av_four_fifth  avia-builder-el-1  el_before_av_one_fifth  avia-builder-el-first  first flex_column_table_cell av-equal-height-column av-align-middle av-zero-column-padding  '     ><style type=\"text\/css\" data-created_by=\"avia_inline_auto\" id=\"style-css-av-kw1w65q9-a7b3498e1bb3a69882e1a550f05d0d69\">\n#top .av-special-heading.av-kw1w65q9-a7b3498e1bb3a69882e1a550f05d0d69{\npadding-bottom:10px;\n}\nbody .av-special-heading.av-kw1w65q9-a7b3498e1bb3a69882e1a550f05d0d69 .av-special-heading-tag .heading-char{\nfont-size:25px;\n}\n.av-special-heading.av-kw1w65q9-a7b3498e1bb3a69882e1a550f05d0d69 .av-subheading{\nfont-size:15px;\n}\n<\/style>\n<div  class='av-special-heading av-kw1w65q9-a7b3498e1bb3a69882e1a550f05d0d69 av-special-heading-h1 blockquote modern-quote  avia-builder-el-2  avia-builder-el-no-sibling '><h1 class='av-special-heading-tag '  itemprop=\"headline\"  >COOKIE-RICHTLINIE<\/h1><div class=\"special-heading-border\"><div class=\"special-heading-inner-border\"><\/div><\/div><\/div><\/div><div class='av-flex-placeholder'><\/div>\n<style type=\"text\/css\" data-created_by=\"avia_inline_auto\" id=\"style-css-av-663e49-9ab8e496b6d61303c88b958982e34044\">\n.flex_column.av-663e49-9ab8e496b6d61303c88b958982e34044{\nborder-radius:0px 0px 0px 0px;\npadding:0px 0px 0px 0px;\n}\n<\/style>\n<div  class='flex_column av-663e49-9ab8e496b6d61303c88b958982e34044 av_one_fifth  avia-builder-el-3  el_after_av_four_fifth  el_before_av_textblock  flex_column_table_cell av-equal-height-column av-align-middle av-zero-column-padding  '     ><div  class='avia-button-wrap av-49uwh5-eb33c7c0ad502d2d25447a086b958ec6-wrap avia-button-right  avia-builder-el-4  avia-builder-el-no-sibling '><a href='https:\/\/basquecountry-spain-dmc.com\/de\/cookie-richtlinie\/#gdpr_cookie_modal'  class='avia-button av-49uwh5-eb33c7c0ad502d2d25447a086b958ec6 av-link-btn avia-icon_select-no avia-size-medium avia-position-right avia-color-theme-color'   aria-label=\"See Cookies\"><span class='avia_iconbox_title' >See Cookies<\/span><\/a><\/div><\/div><\/div><!--close column table wrapper. Autoclose: 1 --><section  class='av_textblock_section av-1uhr61-5eb261e312ae36fc4459766e1623f59f '   itemscope=\"itemscope\" itemtype=\"https:\/\/schema.org\/CreativeWork\" ><div class='avia_textblock'  itemprop=\"text\" ><h3 style=\"text-align: justify;\"><strong>Wie wir Cookies verwenden<\/strong><\/h3>\n<p style=\"text-align: justify;\">https:\/\/basquecountry-spain-dmc.com\/\u00a0verwendet Cookies, wenn ein Benutzer die Seiten der Website durchsucht. Die auf dieser Website verwendeten Cookies werden nur anonym mit dem Browser auf einem bestimmten Ger\u00e4t verkn\u00fcpft. Sie k\u00f6nnen keine identifizierenden Informationen wie einen Vor- und Nachnamen angeben. Die Verwendung von Cookies erm\u00f6glicht es der Destination Consultant-Website, die Browser ihrer Nutzer wiederzuerkennen. Benutzer k\u00f6nnen Cookies so konfigurieren, dass sie beim Verlassen der Website gel\u00f6scht oder nicht auf ihren Festplatten gespeichert werden. Weitere Informationen finden Sie in den Anweisungen f\u00fcr Ihren gew\u00f6hnlichen Browser (siehe unten).<\/p>\n<h3 style=\"text-align: justify;\"><strong>Was sind Cookies?<\/strong><\/h3>\n<p style=\"text-align: justify;\">Cookies sind eine kleine Textdatei, die Websites an den Browser senden und die auf dem Endger\u00e4t oder Ger\u00e4t des Benutzers gespeichert wird. Sie k\u00f6nnen f\u00fcr verschiedene Zwecke verwendet werden, z. B. zum Speichern Ihrer Browsereinstellungen, zum Sammeln statistischer Informationen, zum Aktivieren bestimmter technischer Funktionen und so weiter. Cookies werden manchmal verwendet, um grundlegende Informationen \u00fcber die Surfgewohnheiten des Benutzers oder \u00fcber die Ger\u00e4te des Benutzers zu speichern.<\/p>\n<h3 style=\"text-align: justify;\"><strong>Was ist ihr Zweck?<\/strong><\/h3>\n<p style=\"text-align: justify;\">Cookies dienen je nach Typ unterschiedlichen Zwecken. Aus technischer Sicht erm\u00f6glichen Cookies das schnelle Laden von Websites und die Anpassung an Ihre Pr\u00e4ferenzen, z. B. durch das Speichern Ihrer Sprache oder W\u00e4hrung. Sie helfen auch Webmastern, die von ihnen angebotenen Dienstleistungen zu verbessern, indem sie statistische Informationen sammeln. Schlie\u00dflich machen sie die gezeigte Werbung effizienter, dank derer wir unsere Dienstleistungen kostenlos anbieten k\u00f6nnen.<\/p>\n<h3 style=\"text-align: justify;\"><strong>Wie verwenden wir Cookies?<\/strong><\/h3>\n<p style=\"text-align: justify;\">Beim Surfen auf dieser Website wird davon ausgegangen, dass die folgenden Arten von Cookies mit Ihrer ausdr\u00fccklichen Zustimmung installiert werden k\u00f6nnen:<\/p>\n<h3 style=\"text-align: justify;\"><strong>Arten von Cookies:<\/strong><\/h3>\n<ul style=\"text-align: justify;\">\n<li>Cookies, die unbedingt erforderlich sind, um bestimmte vom Benutzer ausdr\u00fccklich angeforderte Dienste bereitzustellen und die f\u00fcr das ordnungsgem\u00e4\u00dfe Surfen verwendet werden k\u00f6nnen oder um sicherzustellen, dass der Inhalt einer Webseite effizient geladen wird. Bei Deaktivierung kann der Nutzer die Dienste und Inhalte nicht ordnungsgem\u00e4\u00df empfangen.<\/li>\n<li>Unsere eigenen Cookies, die von Ger\u00e4ten oder einer Dom\u00e4ne, die vom Redakteur verwaltet wird und den vom Benutzer angeforderten Dienst bereitstellt, an das Endger\u00e4t des Benutzers gesendet werden.<\/li>\n<li>Cookies von Drittanbietern, die von Ger\u00e4ten oder einer Dom\u00e4ne, die nicht vom Herausgeber, sondern von einer anderen Stelle, die die aus den Cookies erhaltenen Daten verarbeitet, an das Endger\u00e4t des Benutzers gesendet werden.<\/li>\n<li>Analytische Cookies, die verwendet werden, um statistische Aktivit\u00e4tsdaten zu verfolgen und zu sammeln, um den Benutzern den besten Service zu bieten.<\/li>\n<li>Werbe-Cookies, die verwendet werden, um die Werbefl\u00e4chen basierend auf Kriterien wie der H\u00e4ufigkeit, mit der die Anzeigen angezeigt werden, zu verwalten.<\/li>\n<li>Session-Cookies, die entwickelt wurden, um Daten w\u00e4hrend des Besuchs des Benutzers auf einer Website zu sammeln und zu speichern.<\/li>\n<\/ul>\n<h3 style=\"text-align: justify;\"><strong>\u00a0<\/strong><strong>Wie kann ich meine Einstellungen festlegen?<\/strong><\/h3>\n<p style=\"text-align: justify;\">Sie k\u00f6nnen auf Ihrem Computer installierte Cookies zulassen, blockieren oder l\u00f6schen, indem Sie die Einstellungen Ihres Internetbrowsers konfigurieren. Wenn Sie Cookies blockieren, stehen Ihnen bestimmte Dienste, die auf sie angewiesen sind, m\u00f6glicherweise nicht zur Verf\u00fcgung. Im Folgenden listen wir einige Links auf, \u00fcber die Sie Informationen zur Konfiguration der Einstellungen in den f\u00fchrenden Browsern finden:<\/p>\n<ul>\n<li style=\"text-align: justify;\">Google Chrome.<br \/>\n<a href=\"https:\/\/support.google.com\/chrome\/bin\/answer.py?hl=es&amp;answer=95647\">https:\/\/support.google.com\/chrome\/bin\/answer.py?hl=es&amp;answer=95647<\/a><\/li>\n<li style=\"text-align: justify;\">Microsoft Internet Explorer.<br \/>\n<a href=\"http:\/\/windows.microsoft.com\/es-es\/windows7\/how-to-manage-cookies-in-internet-explorer-9\">https:\/\/windows.microsoft.com\/es-es\/windows7\/how-to-manage-cookies-in-internet-explorer-9<\/a><\/li>\n<li style=\"text-align: justify;\">Mozilla Firefox<br \/>\n<a href=\"https:\/\/support.mozilla.org\/es\/kb\/habilitar-y-deshabilitar-cookies-que-los-sitios-we\">https:\/\/support.mozilla.org\/es\/kb\/habilitar-y-deshabilitar-cookies-que-los-sitios-we<\/a><\/li>\n<li style=\"text-align: justify;\">Safari<br \/>\n<a href=\"https:\/\/support.apple.com\/kb\/ph5042\">https:\/\/support.apple.com\/kb\/ph5042<\/a><\/li>\n<\/ul>\n<\/div><\/section>\n<\/div><\/div><\/main><!-- close content main element --><\/div><\/div><div id='after_section_1'  class='main_color av_default_container_wrap container_wrap sidebar_right'  ><div class='container av-section-cont-open' ><div class='template-page content  av-content-small alpha units'><div class='post-entry post-entry-type-page post-entry-3017'><div class='entry-content-wrapper clearfix'>\n","protected":false},"excerpt":{"rendered":"","protected":false},"author":1,"featured_media":0,"parent":0,"menu_order":0,"comment_status":"closed","ping_status":"closed","template":"","meta":{"footnotes":""},"class_list":["post-3017","page","type-page","status-publish","hentry"],"aioseo_notices":[],"_links":{"self":[{"href":"https:\/\/basquecountry-spain-dmc.com\/de\/wp-json\/wp\/v2\/pages\/3017","targetHints":{"allow":["GET"]}}],"collection":[{"href":"https:\/\/basquecountry-spain-dmc.com\/de\/wp-json\/wp\/v2\/pages"}],"about":[{"href":"https:\/\/basquecountry-spain-dmc.com\/de\/wp-json\/wp\/v2\/types\/page"}],"author":[{"embeddable":true,"href":"https:\/\/basquecountry-spain-dmc.com\/de\/wp-json\/wp\/v2\/users\/1"}],"replies":[{"embeddable":true,"href":"https:\/\/basquecountry-spain-dmc.com\/de\/wp-json\/wp\/v2\/comments?post=3017"}],"version-history":[{"count":5,"href":"https:\/\/basquecountry-spain-dmc.com\/de\/wp-json\/wp\/v2\/pages\/3017\/revisions"}],"predecessor-version":[{"id":3054,"href":"https:\/\/basquecountry-spain-dmc.com\/de\/wp-json\/wp\/v2\/pages\/3017\/revisions\/3054"}],"wp:attachment":[{"href":"https:\/\/basquecountry-spain-dmc.com\/de\/wp-json\/wp\/v2\/media?parent=3017"}],"curies":[{"name":"wp","href":"https:\/\/api.w.org\/{rel}","templated":true}]}}