{"id":3020,"date":"2021-10-27T13:48:01","date_gmt":"2021-10-27T13:48:01","guid":{"rendered":"https:\/\/basquecountry-spain-dmc.com\/?page_id=3020"},"modified":"2021-11-16T09:23:51","modified_gmt":"2021-11-16T09:23:51","slug":"rechtlicher-hinweis","status":"publish","type":"page","link":"https:\/\/basquecountry-spain-dmc.com\/de\/rechtlicher-hinweis\/","title":{"rendered":"Rechtlicher Hinweis"},"content":{"rendered":"<div id='av_section_1'  class='avia-section av-ehbrg-1d561645a4206680bb7c808c4e2c7fd9 main_color avia-section-default avia-no-border-styling  avia-builder-el-0  avia-builder-el-no-sibling  avia-bg-style-scroll container_wrap sidebar_right'  ><div class='container av-section-cont-open' ><main  role=\"main\" itemprop=\"mainContentOfPage\"  class='template-page content  av-content-small alpha units'><div class='post-entry post-entry-type-page post-entry-3020'><div class='entry-content-wrapper clearfix'>\n\n<style type=\"text\/css\" data-created_by=\"avia_inline_auto\" id=\"style-css-av-kw1vz9qm-1b7a9e2154c01750b5804c1cda1734b4\">\n#top .av-special-heading.av-kw1vz9qm-1b7a9e2154c01750b5804c1cda1734b4{\npadding-bottom:10px;\n}\nbody .av-special-heading.av-kw1vz9qm-1b7a9e2154c01750b5804c1cda1734b4 .av-special-heading-tag .heading-char{\nfont-size:25px;\n}\n.av-special-heading.av-kw1vz9qm-1b7a9e2154c01750b5804c1cda1734b4 .av-subheading{\nfont-size:15px;\n}\n<\/style>\n<div  class='av-special-heading av-kw1vz9qm-1b7a9e2154c01750b5804c1cda1734b4 av-special-heading-h1 blockquote modern-quote  avia-builder-el-1  el_before_av_textblock  avia-builder-el-first '><h1 class='av-special-heading-tag '  itemprop=\"headline\"  >RECHTLICHER HINWEIS<\/h1><div class='av-subheading av-subheading_below'><p>f\u00fcr https:\/\/basquecountry-spain-dmc.com\/<\/p>\n<p>Dieser rechtliche Hinweis regelt die Nutzungsbedingungen der Portale und Websites der Firma Destination Consultant SL.<br \/>\nDiese Bedingungen gelten als die grundlegenden Bedingungen und sind mit den spezifischen Informationen zu vervollst\u00e4ndigen.<\/p>\n<\/div><div class=\"special-heading-border\"><div class=\"special-heading-inner-border\"><\/div><\/div><\/div>\n\n<style type=\"text\/css\" data-created_by=\"avia_inline_auto\" id=\"style-css-av-2m2c70-aef88198a7c7a7befb0c9b8efa610084\">\n#top .av_textblock_section.av-2m2c70-aef88198a7c7a7befb0c9b8efa610084 .avia_textblock{\nfont-size:15px;\n}\n<\/style>\n<section  class='av_textblock_section av-2m2c70-aef88198a7c7a7befb0c9b8efa610084 '   itemscope=\"itemscope\" itemtype=\"https:\/\/schema.org\/CreativeWork\" ><div class='avia_textblock'  itemprop=\"text\" ><h3><strong>1.Allgemeines<\/strong><\/h3>\n<p style=\"text-align: justify;\">Destination Consultant SL ist ein DMC, das sich auf das Baskenland und Spanien spezialisiert hat.<\/p>\n<p style=\"text-align: justify;\"><strong>DESTINATION CONSULTANT, SL<\/strong><br \/>\nC\/ Muguru, 8 entreplanta<\/p>\n<p style=\"text-align: justify;\">48960 Galdakao, Bizkaia<\/p>\n<p style=\"text-align: justify;\">CIF B95898615<\/p>\n<p style=\"text-align: justify;\">Tel. 944717557<br \/>\n<a href=\"http:\/\/www.basquecountry-spain-dmc.com\/\">www.basquecountry-spain-dmc.com<\/a><\/p>\n<p style=\"text-align: justify;\">Dieses Portal wurde im Wesentlichen geschaffen, um detaillierte und aktuelle Informationen \u00fcber die Dienstleistungen des Unternehmens bereitzustellen und der \u00d6ffentlichkeit und anderen Reiseb\u00fcros die Dienstleistungen zur Verf\u00fcgung zu stellen, die das Unternehmen anbietet.<\/p>\n<p style=\"text-align: justify;\">Die Nutzung des Portals und anderer Portale des Unternehmens impliziert die Annahme jeder der in diesem rechtlichen Hinweis enthaltenen Bedingungen; dieser Hinweis sollte daher sorgf\u00e4ltig gelesen werden. Es gibt auch einige Dienstleistungen, die \u00fcber dieses Portal angeboten werden, die ihren eigenen allgemeinen Bedingungen unterliegen, die die in diesem rechtlichen Hinweis enthaltenen erg\u00e4nzen und daher gelesen und akzeptiert werden sollten.<\/p>\n<p style=\"text-align: justify;\">Die Telefonnummer des Kundendienstes lautet +34 944717557.<\/p>\n<h3 style=\"text-align: justify;\"><strong>2.Geistiges Eigentum<\/strong><\/h3>\n<p style=\"text-align: justify;\">Die geistigen Eigentumsrechte des Portals von Destination Consultant, das unter der Haupt-URL gehostet wird, www.basquecountry-spain-dmc.com, sein Quellcode, Design, Navigationslayout, Datenbanken und verschiedene darin enthaltene Elemente sind Eigentum von Destination Consultant. Daher ist Destination Consultant berechtigt, die Betriebsrechte in jeder Form auszu\u00fcben, insbesondere die Rechte der Vervielf\u00e4ltigung, Verbreitung, \u00f6ffentlichen Kommunikation und Umwandlung.<\/p>\n<p style=\"text-align: justify;\">Die auf der Webseite bereitgestellten Informationen sind Eigentum von Destination Consultant und gelten als gesch\u00fctztes Werk gem\u00e4\u00df den Bestimmungen des K\u00f6niglichen Dekrets 1\/1996 vom 12. April, das den neu angegebenen Text des Gesetzes \u00fcber geistiges Eigentum genehmigt; sie unterliegt auch den in diesem Bereich unterzeichneten internationalen Vertr\u00e4gen.<\/p>\n<p style=\"text-align: justify;\">Dieser rechtliche Hinweis macht keine \u00dcbertragung von Rechten zugunsten der Benutzer in Bezug auf die Elemente, aus denen die Website oder die Inhalte und pers\u00f6nlichen Dienstleistungen besteht. Daher ist das Kopieren, die \u00f6ffentliche Kommunikation, die Verbreitung, der Verkauf oder jede andere Aktivit\u00e4t zum Zwecke der \u00f6ffentlichen Nutzung, die mit dem Inhalt der Portale durchgef\u00fchrt werden kann, untersagt.<\/p>\n<h3 style=\"text-align: justify;\"><strong>3.Zugriff auf und Nutzung der Inhalte des Portals<\/strong><\/h3>\n<p style=\"text-align: justify;\">Die Nutzung der Dienste des Portals erfordert kein vorheriges Abonnement oder eine Registrierung der Benutzer. Es gibt jedoch einige Dienste, wie z. B. Informationsanfragen zur sp\u00e4teren Formalisierung der Erbringung von Dienstleistungen, die das Ausf\u00fcllen von Kontaktformularen und die Registrierung im Portal erfordern. Diese Registrierung erfolgt in einer Weise, die ausdr\u00fccklich auf den Service hinweist und die Daten werden ausschlie\u00dflich f\u00fcr die Zwecke und mit den Garantien verarbeitet, die in den spezifischen Mitteilungen der Formulare angegeben sind.<\/p>\n<p style=\"text-align: justify;\">Destination Consultant arbeitet daran, jederzeit die Grunds\u00e4tze zu gew\u00e4hrleisten, die die geltenden Rechtsvorschriften zum Schutz personenbezogener Daten regeln, und sammelt nur die Daten, die f\u00fcr die Erbringung der Dienste des Portals unbedingt erforderlich sind, und garantiert jederzeit die angemessenen Mittel, um die gesetzlich vorgesehene Sicherheit und Integrit\u00e4t f\u00fcr jede Art von Datei zu erreichen.<\/p>\n<p style=\"text-align: justify;\">Alle Informationen und pers\u00f6nlichen Daten, die der Benutzer in den Formularen f\u00fcr das Abonnieren der Dienste zur Verf\u00fcgung stellt, m\u00fcssen ihre eigenen sein und wahr sein. Der Nutzer ist allein verantwortlich f\u00fcr falsche oder ungenaue Angaben von ihm und f\u00fcr alle Sch\u00e4den, die dies Destination Consultant oder Dritten aufgrund der bereitgestellten Informationen zuf\u00fcgen k\u00f6nnte.<\/p>\n<p style=\"text-align: justify;\">Destination Consultant behandelt die Daten jederzeit in \u00dcbereinstimmung mit den geltenden Rechtsvorschriften und garantiert die Vertraulichkeit und Aus\u00fcbung der Rechte der Nutzer, die jeden Dienst abonniert haben.<\/p>\n<h3><strong>4.Minderj\u00e4hrige<\/strong><\/h3>\n<p style=\"text-align: justify;\">Um diese Dienste nutzen zu k\u00f6nnen, m\u00fcssen Minderj\u00e4hrige zun\u00e4chst die Erlaubnis ihrer Eltern, Erziehungsberechtigten oder ihrer gesetzlichen Vertreter einholen, die f\u00fcr jede Handlung der von ihnen verantwortlichen Minderj\u00e4hrigen verantwortlich sind.<\/p>\n<p style=\"text-align: justify;\">Die volle Verantwortung f\u00fcr die Bestimmung der spezifischen Inhalte und Dienste, zu denen Minderj\u00e4hrige Zugang haben k\u00f6nnen, liegt bei den vollj\u00e4hrigen Personen, die f\u00fcr diese Minderj\u00e4hrigen verantwortlich sind. Da das Internet den Zugriff auf Inhalte erm\u00f6glicht, die f\u00fcr Minderj\u00e4hrige m\u00f6glicherweise nicht geeignet sind, werden die Benutzer \u00fcber das Vorhandensein von Mechanismen informiert, insbesondere Computerprogramme zum Filtern und Blockieren, die es erm\u00f6glichen, die verf\u00fcgbaren Inhalte einzuschr\u00e4nken, und obwohl diese Programme nicht unfehlbar sind, sind sie besonders n\u00fctzlich f\u00fcr die Kontrolle und Einschr\u00e4nkung des Materials, auf das Minderj\u00e4hrige zugreifen k\u00f6nnen.<\/p>\n<h3><strong>5.Bedingungen f\u00fcr den Vertrag mit kombinierten Reisen<\/strong><\/h3>\n<p style=\"text-align: justify;\">Wenn Benutzer auf die Websites von Destination Consultant zugreifen, die den Zweck haben, kombinierte Reisedienstleistungen anzubieten, verpflichten sich die Benutzer, zun\u00e4chst die Vertragsbedingungen f\u00fcr diese Dienstleistungen zu akzeptieren.<\/p>\n<p style=\"text-align: justify;\">Diese Bedingungen finden Sie in der Brosch\u00fcre und im Inhalt der Rundtouren.<\/p>\n<h3><strong>6.Bedingungen f\u00fcr die Beauftragung bestimmter Dienstleistungen<\/strong><\/h3>\n<p style=\"text-align: justify;\">In bestimmten F\u00e4llen tritt Destination Consultant nur als Vermittler auf und ihre Haftung ist daher begrenzt.<\/p>\n<p style=\"text-align: justify;\">In diesem Zusammenhang gibt es einige spezielle Vertragsbedingungen wie Ticketverk\u00e4ufe oder Bedingungen der Gro\u00dfh\u00e4ndler, die die Reise anbieten, usw., die die Benutzer akzeptieren m\u00fcssen, bevor sie die Dienstleistungen in Anspruch nehmen.<\/p>\n<h3><strong>7.Verantwortung f\u00fcr Inhalte<\/strong><\/h3>\n<p style=\"text-align: justify;\">Destination Consultant stellt den Nutzern die Inhalte und Dienste zur Verf\u00fcgung, die sich auf dem Portal und auf den Webseiten befinden, die es erg\u00e4nzen und auf die von der Startseite des Portals aus zugegriffen werden kann.<\/p>\n<p style=\"text-align: justify;\">Stammen Informationen aus externen Quellen, so ist ihr Ursprung zusammen mit dem Medium oder anderen Informationen \u00fcber ihre Herkunft anzugeben.<\/p>\n<p style=\"text-align: justify;\">Die Nutzer verpflichten sich, die Dienste und Informationen, die im Destination Consultant-Portal zur Verf\u00fcgung gestellt werden, nach Kriterien von Treu und Glauben und unter Einhaltung in jedem Fall allgemein anerkannter Nutzungsgrunds\u00e4tze zu nutzen, ohne gegen die \u00f6ffentliche Ordnung oder geltendes Recht zu versto\u00dfen.<\/p>\n<p style=\"text-align: justify;\">Destination Consultant ist nicht verantwortlich f\u00fcr die unangemessene Nutzung der Inhalte seiner Website; die Verantwortung liegt ausschlie\u00dflich bei der Person, die auf diese Inhalte zugreift oder diese nutzt. Sie \u00fcbernimmt auch keine Verantwortung f\u00fcr die informationen, die auf den Websites Dritter enthalten sind, die \u00fcber die Links auf der Webseite <a href=\"http:\/\/www.basquecountry-spain-dmc.com\/\">www.basquecountry-spain-dmc.com<\/a> aufgerufen werden k\u00f6nnen. Diese Links dienen rein informativen Zwecken und stellen in keinem Fall eine Aufforderung zum Kauf der Produkte oder Dienstleistungen dar, die von den Websites, auf die sie verlinken, bereitgestellt werden k\u00f6nnen. F\u00fcr den Fall, dass Destination Consultant Kenntnis davon erlangt, dass die Aktivit\u00e4t oder Information, auf die diese Links verweisen, rechtswidrig ist, eine Straftat darstellt oder die Waren oder Rechte schadensersatzpflichtiger Dritter sch\u00e4digen kann, wird sie mit der erforderlichen Sorgfalt handeln, um den entsprechenden Link so schnell wie m\u00f6glich zu entfernen oder zu deaktivieren.<\/p>\n<h3><strong>8.Pflichten der Nutzer des Portals<\/strong><\/h3>\n<p style=\"text-align: justify;\">Die Nutzer verpflichten sich, das Portal und die Dienste in \u00dcbereinstimmung mit dem Gesetz, diesem rechtlichen Hinweis, den spezifischen Bedingungen und den Verhaltensregeln einiger Dienste, wie moralische Standards und \u00f6ffentliche Ordnung, zu nutzen.<\/p>\n<p style=\"text-align: justify;\">Die Benutzer d\u00fcrfen die Dienste nicht f\u00fcr illegale oder in dieser Erkl\u00e4rung verbotene Zwecke oder in einer Weise nutzen, die den auf den Computern des Unternehmens, den Benutzern oder einem Internetnutzer gespeicherten Inhalt Schaden zuf\u00fcgen k\u00f6nnte.<\/p>\n<p style=\"text-align: justify;\">Als nicht ersch\u00f6pfendes Beispiel m\u00fcssen die Nutzer auf Folgendes verzichten:<\/p>\n<ul style=\"text-align: justify;\">\n<li>Vervielf\u00e4ltigung, Kopierung, Verbreitung, Zug\u00e4nglichmachung, \u00f6ffentliche Kommunikation, Umwandlung oder Ver\u00e4nderung von Inhalten ohne ausdr\u00fcckliche Genehmigung des Eigent\u00fcmers.<\/li>\n<li>L\u00f6schen, Manipulieren oder \u00c4ndern des Urheberrechts und anderer Daten, die dem Unternehmen oder seinen Eigent\u00fcmern vorbehalten sind.<\/li>\n<\/ul>\n<h3><strong>9.Zul\u00e4ssige Verwendungen<\/strong><\/h3>\n<p style=\"text-align: justify;\">Die Nutzer sind berechtigt, die Inhalte des Portals einzusehen, auszudrucken und teilweise herunterzuladen, sofern sie die folgenden Bedingungen erf\u00fcllen:<\/p>\n<ol style=\"text-align: justify;\">\n<li>Die Nutzungen sind mit den Zwecken des Portals vereinbar.<\/li>\n<li>Diese Verwendung erfolgt nur, um Informationen f\u00fcr den pers\u00f6nlichen und privaten Gebrauch zu erhalten. Die Nutzung zu kommerziellen Zwecken oder zur Verbreitung, \u00f6ffentlichen Kommunikation, Umwandlung oder Dekompilierung ist ausdr\u00fccklich untersagt.<\/li>\n<li>\n<h3>Keiner der<\/h3>\n<p>Inhalte, die sich auf das Portal beziehen, wird in irgendeiner Weise ver\u00e4ndert.<\/li>\n<li>Keine Grafik, kein Symbol oder Bild der Website wird getrennt von dem Text oder anderen Bildern, die sie begleiten, verwendet, kopiert oder verbreitet.<\/li>\n<\/ol>\n<h3><strong>10.Dom\u00e4nen-Vorbehalte<\/strong><\/h3>\n<p style=\"text-align: justify;\">Destination Consultant beh\u00e4lt sich das Recht vor, jederzeit und ohne vorherige Ank\u00fcndigung \u00c4nderungen und Aktualisierungen der im Portal enthaltenen Informationen, der Konfiguration und Darstellung des Portals und der Zugangsbedingungen vorzunehmen.<\/p>\n<h3><strong>11.Haftung<\/strong><\/h3>\n<p style=\"text-align: justify;\"><strong>Haftungsausschluss f\u00fcr Inhalte<\/strong><\/p>\n<p style=\"text-align: justify;\">Von Destination Consultant aus ist es m\u00f6glich, sowohl auf die Inhalte des Unternehmens als auch auf Informationen und Inhalte dritter zuzugreifen. In diesem Fall kontrolliert Destination Consultant diese Inhalte nicht und garantiert auch nicht, dass die heruntergeladenen Informationen virenfrei sind. Destination Consultant haftet daher nicht f\u00fcr Sch\u00e4den, die in diesen F\u00e4llen auftreten k\u00f6nnen.<\/p>\n<p style=\"text-align: justify;\">Das Portal stellt den Nutzern auch technische Verlinkungsger\u00e4te (wie Links, Banner, Schaltfl\u00e4chen usw.) und Tools zur Verf\u00fcgung, die es erm\u00f6glichen, Suchen durchzuf\u00fchren und auf verschiedene Websites zuzugreifen, die von Dritten verwaltet werden. Destination Consultant kontrolliert, unterst\u00fctzt oder liefert nicht die Informationen und Dienstleistungen, die diese Websites hosten k\u00f6nnen, und daher m\u00fcssen Benutzer, die auf diese Websites zugreifen, die gr\u00f6\u00dften Vorsichtsma\u00dfnahmen treffen, um die Informationen, Inhalte und Dienstleistungen auf diesen verlinkten Websites zu bewerten und zu nutzen.<\/p>\n<p style=\"text-align: justify;\">Destination Consultant \u00fcbernimmt keine Haftung f\u00fcr Sch\u00e4den, die aus folgenden Gr\u00fcnden entstehen k\u00f6nnen:<\/p>\n<ul style=\"text-align: justify;\">\n<li>Der Betrieb, die Verf\u00fcgbarkeit, die Zug\u00e4nglichkeit oder die Kontinuit\u00e4t der verlinkten Websites.<\/li>\n<li>Die Pflege der Informationen, Inhalte oder Dienste, die auf den verlinkten Seiten vorhanden sind.<\/li>\n<li>Die Bereitstellung oder \u00dcbermittlung der auf den verlinkten Seiten vorhandenen Informationen, Inhalte oder Dienstleistungen.<\/li>\n<li>Die Qualit\u00e4t, Rechtm\u00e4\u00dfigkeit und Zuverl\u00e4ssigkeit der Informationen, Inhalte und Dienstleistungen, die auf den verlinkten Websites vorhanden sind.<\/li>\n<li>Nichteinhaltung der Gesetze, der moralischen Standards und der guten Sitten durch \u00dcbertragung, Verbreitung, Speicherung und Bereitstellung der von Dritten bereitgestellten Inhalte.<\/li>\n<li>Verletzung von Rechten an geistigem oder gewerblichem Eigentum, der Privatsph\u00e4re, der Privatsph\u00e4re der Familie, des Images von Personen oder der Weitergabe personenbezogener Daten durch Dritte.<\/li>\n<li>Unlauterer Wettbewerb und rechtswidrige Werbung.<\/li>\n<li>Mangel an Wahrhaftigkeit, Genauigkeit oder Aktualit\u00e4t dieser Inhalte.<\/li>\n<\/ul>\n<p style=\"text-align: justify;\">Destination Consultant haftet nicht f\u00fcr die Nichteinhaltung der Bedingungen dieses rechtlichen Hinweises durch Benutzer oder f\u00fcr die Nutzung der Dienste und Inhalte, auf die \u00fcber das Portal zugegriffen werden kann. Sch\u00e4den aufgrund von Identit\u00e4tsdiebstahl eines Dritten, der von einem Benutzer in einer \u00fcber das Portal get\u00e4tigten Kommunikation durchgef\u00fchrt wird, liegen in der Verantwortung der Person, die diesen Identit\u00e4tsdiebstahl begangen hat, da Destination Consultant die Authentizit\u00e4t des Inhalts oder der von den Nutzern des Portals bereitgestellten Informationen nicht kontrolliert.<\/p>\n<p style=\"text-align: justify;\"><strong>Haftungsausschluss f\u00fcr den Betrieb der Website<\/strong><\/p>\n<p style=\"text-align: justify;\">Destination Consultant garantiert nicht, dass es keine Unterbrechungen oder Fehler beim Zugriff auf das Portal oder seine Inhalte gibt oder dass diese Inhalte auf dem neuesten Stand sind. Destination Consultant wird alle notwendigen Schritte unternehmen, um Fehler zu korrigieren, die Kommunikation wiederherzustellen und den Inhalt zu aktualisieren, wann immer dies m\u00f6glich ist und vorausgesetzt, dass diese Aufgaben nicht schwer durchzuf\u00fchren sind, sobald die Firma \u00fcber die Fehler, Verbindungsabbr\u00fcche oder mangelnde Aktualit\u00e4t des Inhalts informiert wird.<\/p>\n<p style=\"text-align: justify;\">Destination Consultant haftet in keinem Fall f\u00fcr St\u00f6rungen, Versorgungsfehler oder Probleme bei der Verbindung zum Netzwerk aufgrund des vom Benutzer gew\u00e4hlten Internetdienstanbieters.<\/p>\n<p style=\"text-align: justify;\"><strong>Haftungsausschluss f\u00fcr die Nutzung des Portals<\/strong><\/p>\n<p style=\"text-align: justify;\">Der Zugriff auf das Portal ohne Zustimmung und die Verwendung der darin enthaltenen Informationen liegt in der alleinigen Verantwortung des Benutzers. Destination Consultant haftet nicht f\u00fcr Folgen oder Sch\u00e4den, die sich aus dem Zugriff oder der Nutzung ergeben k\u00f6nnen.<\/p>\n<p style=\"text-align: justify;\">Destination Consultant haftet nicht f\u00fcr Sicherheitsfehler, die auftreten k\u00f6nnen, oder f\u00fcr Sch\u00e4den, die am Computersystem des Benutzers (Hardware und Software) oder an den gespeicherten Dateien oder Dokumenten verursacht werden k\u00f6nnen, als Folge von:<\/p>\n<ul style=\"text-align: justify;\">\n<li>Das Vorhandensein von Viren auf dem Computer, der vom Benutzer verwendet wird, um eine Verbindung zu den Diensten und Inhalten des Portals herzustellen.<\/li>\n<li>Fehlfunktion des Browsers oder Verwendung von nicht aktualisierten Versionen. Die Nutzer verpflichten sich, die Website, ihre Inhalte und Dienstleistungen in \u00dcbereinstimmung mit dem Gesetz und diesem rechtlichen Hinweis zu nutzen. Die Nutzer haben sich jederzeit zu enthalten, die Informationen oder Dienste f\u00fcr illegale, verbotene oder die Interessen Dritter verletzende Zwecke zu verwenden.<\/li>\n<\/ul>\n<h3 style=\"text-align: justify;\"><strong>12.<\/strong><strong>Verbotene Verwendungen<\/strong><\/h3>\n<p style=\"text-align: justify;\">Die unbefugte Nutzung der im Portal enthaltenen Informationen, deren Weiterverkauf und die Verletzung der geistigen Eigentumsrechte von Destination Consultant begr\u00fcnden die gesetzlich festgelegte Haftung.<\/p>\n<p style=\"text-align: justify;\">Jede andere Nutzung der Inhalte des Portals durch unbefugte Dritte ist untersagt.<\/p>\n<h3 style=\"text-align: justify;\"><strong>13.Datenschutzerkl\u00e4rung<\/strong><\/h3>\n<p style=\"text-align: justify;\">Alle Informationen, die von den Nutzern des Portals erhalten werden, sei es f\u00fcr E-Mail-Anfragen oder zum Ausf\u00fcllen von Formularen auf den Seiten f\u00fcr Informationsanfragen oder f\u00fcr Vertragsdienstleistungen, werden von Destination Consultant streng vertraulich behandelt.<\/p>\n<ol style=\"text-align: justify;\">\n<li><strong>Von den Nutzern freiwillig zur Verf\u00fcgung gestellte Daten<\/strong><\/li>\n<\/ol>\n<p style=\"text-align: justify;\">Die von den Nutzern freiwillig zur Verf\u00fcgung gestellten Daten, entweder f\u00fcr Dienstleistungen von Destination Consultant, zur Durchf\u00fchrung von Fragen oder zum Hinterlassen eines Lebenslaufs zum Zwecke der Arbeit im Unternehmen, werden ausschlie\u00dflich f\u00fcr die jeweils angegebenen Zwecke und mit dem Ziel der Erbringung der angeforderten Dienstleistung verarbeitet.<\/p>\n<p style=\"text-align: justify;\">Die Daten werden in eine automatisierte Datei des Unternehmens von Destination Consultant eingegeben, der sie entsprechen, und werden mit den gesetzlich festgelegten Sicherheitsma\u00dfnahmen entsprechend der Art der Datei gesch\u00fctzt und d\u00fcrfen nicht ohne Zustimmung des Eigent\u00fcmers an Dritte weitergegeben werden.<\/p>\n<p style=\"text-align: justify;\">Die Nutzer der Dienste k\u00f6nnen ihre Rechte auf Zugang, Widerspruch, Berichtigung und L\u00f6schung aus\u00fcben, die im Organgesetz 15 vom 13. Dezember 1999 festgelegt sind, wobei die spezifischen Informationen in jeder Mitteilung festgelegt sind. F\u00fcr postalische Mitteilungen k\u00f6nnen Sie ein Schreiben mit Ihrer spezifischen Anfrage an folgender Adresse senden:<\/p>\n<p style=\"text-align: justify;\"><strong>Destination Consultant<br \/>\n<\/strong>C\/ Muguru, 8 entreplanta<\/p>\n<p style=\"text-align: justify;\">48960 \u2013 Galdakao<\/p>\n<p style=\"text-align: justify;\">Bizkaia<\/p>\n<p style=\"text-align: justify;\">Telefon: 944717557<\/p>\n<p style=\"text-align: justify;\">E-Mail: \u00a0<a href=\"mailto:booking@toursbasquecountry.com\">booking@toursbasquecountry.com<\/a><\/p>\n<h3><strong>14.Kundenservice<\/strong><\/h3>\n<p style=\"text-align: justify;\">Die von diesem Dienst gesammelten personenbezogenen Daten werden ausschlie\u00dflich f\u00fcr die Bearbeitung der erhaltenen Anfragen verwendet. F\u00fcr den Fall, dass der Eigent\u00fcmer der Daten die erforderliche Einwilligung erteilt, werden diese Daten so aufbewahrt, dass sie jederzeit in der spezifischen Mitteilung angegeben werden k\u00f6nnen.<\/p>\n<h3 style=\"text-align: justify;\"><strong>15.Anwendbares Recht<\/strong><\/h3>\n<p style=\"text-align: justify;\">Dieser rechtliche Hinweis unterliegt der folgenden Vereinbarung: Die beteiligten Parteien vereinbaren, dass alle Klagen, Diskrepanzen, Vorf\u00e4lle oder Beschwerden, die sich aus der Ausf\u00fchrung oder Auslegung dieses rechtlichen Hinweises oder in Bezug darauf direkt oder indirekt ergeben, durch ein Schiedsverfahren vor dem Schiedsgericht des Anwaltskollegiums von Bilbao endg\u00fcltig gel\u00f6st werden,\u00a0 das f\u00fcr die Verwaltung der Schiedsgerichtsbarkeit und die Ernennung von Schiedsrichtern gem\u00e4\u00df seiner Reglementen und Statuten verantwortlich ist. Ebenso verpflichten sich die Parteien ausdr\u00fccklich, der entsprechenden Schiedsentscheidung nachzukommen. Die Schiedsentscheidung ist endg\u00fcltig und f\u00fcr die Parteien bindend, die sie ohne Bedingungen annehmen.<\/p>\n<p style=\"text-align: justify;\">Den Wirkungen der Subsidiarit\u00e4t unterwerfen sich die Parteien erforderlichenfalls den Gerichten von Bilbao und verzichten ausdr\u00fccklich auf ihre entsprechenden Zust\u00e4ndigkeiten.<\/p>\n<p style=\"text-align: justify;\">Dennoch werden beide Parteien alles Vern\u00fcnftige tun, um zu versuchen, Konflikte auf einvernehmliche Weise zu l\u00f6sen.<\/p>\n<\/div><\/section>\n<\/div><\/div><\/main><!-- close content main element --><\/div><\/div><div id='after_section_1'  class='main_color av_default_container_wrap container_wrap sidebar_right'  ><div class='container av-section-cont-open' ><div class='template-page content  av-content-small alpha units'><div class='post-entry post-entry-type-page post-entry-3020'><div class='entry-content-wrapper clearfix'>\n","protected":false},"excerpt":{"rendered":"","protected":false},"author":1,"featured_media":0,"parent":0,"menu_order":0,"comment_status":"closed","ping_status":"closed","template":"","meta":{"footnotes":""},"class_list":["post-3020","page","type-page","status-publish","hentry"],"aioseo_notices":[],"_links":{"self":[{"href":"https:\/\/basquecountry-spain-dmc.com\/de\/wp-json\/wp\/v2\/pages\/3020","targetHints":{"allow":["GET"]}}],"collection":[{"href":"https:\/\/basquecountry-spain-dmc.com\/de\/wp-json\/wp\/v2\/pages"}],"about":[{"href":"https:\/\/basquecountry-spain-dmc.com\/de\/wp-json\/wp\/v2\/types\/page"}],"author":[{"embeddable":true,"href":"https:\/\/basquecountry-spain-dmc.com\/de\/wp-json\/wp\/v2\/users\/1"}],"replies":[{"embeddable":true,"href":"https:\/\/basquecountry-spain-dmc.com\/de\/wp-json\/wp\/v2\/comments?post=3020"}],"version-history":[{"count":2,"href":"https:\/\/basquecountry-spain-dmc.com\/de\/wp-json\/wp\/v2\/pages\/3020\/revisions"}],"predecessor-version":[{"id":3050,"href":"https:\/\/basquecountry-spain-dmc.com\/de\/wp-json\/wp\/v2\/pages\/3020\/revisions\/3050"}],"wp:attachment":[{"href":"https:\/\/basquecountry-spain-dmc.com\/de\/wp-json\/wp\/v2\/media?parent=3020"}],"curies":[{"name":"wp","href":"https:\/\/api.w.org\/{rel}","templated":true}]}}