{"id":3023,"date":"2021-10-27T13:49:55","date_gmt":"2021-10-27T13:49:55","guid":{"rendered":"https:\/\/basquecountry-spain-dmc.com\/?page_id=3023"},"modified":"2021-11-16T09:25:39","modified_gmt":"2021-11-16T09:25:39","slug":"datenschutz-bestimmungen","status":"publish","type":"page","link":"https:\/\/basquecountry-spain-dmc.com\/de\/datenschutz-bestimmungen\/","title":{"rendered":"Datenschutz-Bestimmungen"},"content":{"rendered":"<div id='av_section_1'  class='avia-section av-4442hr-6a244ba26cdb3d73ce479433cde85a23 main_color avia-section-default avia-no-border-styling  avia-builder-el-0  avia-builder-el-no-sibling  avia-bg-style-scroll container_wrap sidebar_right'  ><div class='container av-section-cont-open' ><main  role=\"main\" itemprop=\"mainContentOfPage\"  class='template-page content  av-content-small alpha units'><div class='post-entry post-entry-type-page post-entry-3023'><div class='entry-content-wrapper clearfix'>\n\n<style type=\"text\/css\" data-created_by=\"avia_inline_auto\" id=\"style-css-av-kw1vsofj-cfef94feb9723feb1ee1457dd448bb7e\">\n#top .av-special-heading.av-kw1vsofj-cfef94feb9723feb1ee1457dd448bb7e{\npadding-bottom:10px;\n}\nbody .av-special-heading.av-kw1vsofj-cfef94feb9723feb1ee1457dd448bb7e .av-special-heading-tag .heading-char{\nfont-size:25px;\n}\n.av-special-heading.av-kw1vsofj-cfef94feb9723feb1ee1457dd448bb7e .av-subheading{\nfont-size:15px;\n}\n<\/style>\n<div  class='av-special-heading av-kw1vsofj-cfef94feb9723feb1ee1457dd448bb7e av-special-heading-h1 blockquote modern-quote  avia-builder-el-1  el_before_av_textblock  avia-builder-el-first '><h1 class='av-special-heading-tag '  itemprop=\"headline\"  >UNSERE DATENSCHUTZ-BESTIMMUNGEN<\/h1><div class=\"special-heading-border\"><div class=\"special-heading-inner-border\"><\/div><\/div><\/div>\n\n<style type=\"text\/css\" data-created_by=\"avia_inline_auto\" id=\"style-css-av-26ra8f-e78bffeb78b77b596967c3dbd530ca0d\">\n#top .av_textblock_section.av-26ra8f-e78bffeb78b77b596967c3dbd530ca0d .avia_textblock{\nfont-size:15px;\n}\n<\/style>\n<section  class='av_textblock_section av-26ra8f-e78bffeb78b77b596967c3dbd530ca0d '   itemscope=\"itemscope\" itemtype=\"https:\/\/schema.org\/CreativeWork\" ><div class='avia_textblock'  itemprop=\"text\" ><h3 style=\"text-align: justify;\"><strong>Wer ist f\u00fcr die Verarbeitung Ihrer personenbezogenen Daten verantwortlich?<\/strong><\/h3>\n<p style=\"text-align: justify;\">Identit\u00e4t: Destination Consultant SL<\/p>\n<p style=\"text-align: justify;\">Adresse: C\/ Muguru 8, entreplanta. 48960 Galdakao (Bizkaia). Spanien<\/p>\n<p style=\"text-align: justify;\">Steuernummer (CIF): B95898615<\/p>\n<p style=\"text-align: justify;\">E-Mail: <a href=\"mailto:booking@toursbasquecountry.com\">booking@toursbasquecountry.com<\/a><\/p>\n<p style=\"text-align: justify;\">Telefon: (+34) 944717557<\/p>\n<h3><strong>Zu welchem Zweck verarbeiten wir Ihre Daten?<\/strong><\/h3>\n<p style=\"text-align: justify;\">Wir verarbeiten die Informationen, die Benutzer uns zur Verf\u00fcgung stellen, um die \u00fcber das Telefon, die E-Mail oder die Website gestellten Informationsanfragen zu bearbeiten und bei Bedarf kommerzielle Mitteilungen zu senden, die f\u00fcr sie von Interesse sein k\u00f6nnten.<\/p>\n<h3 style=\"text-align: justify;\"><strong>Wie lange bewahren wir Ihre Daten auf?<\/strong><\/h3>\n<p style=\"text-align: justify;\">Die zur Verf\u00fcgung gestellten personenbezogenen Daten werden sechs Jahre aufbewahrt.<\/p>\n<p style=\"text-align: justify;\"><strong>Was ist die Rechtsgrundlage f\u00fcr die Verarbeitung Ihrer Daten?<\/strong><\/p>\n<p style=\"text-align: justify;\">Die Rechtsgrundlage f\u00fcr die Datenverarbeitung ist die Einwilligung, die der Nutzer bei der Annahme der Datenverarbeitungsklausel erteilt hat.<\/p>\n<p style=\"text-align: justify;\">Der Benutzer ist verpflichtet, die mit &#8222;Erforderlich&#8220; gekennzeichneten Felder in den Formularen auf der Website auszuf\u00fcllen. Wenn einige der von Destination Consultant SL ben\u00f6tigten personenbezogenen Daten nicht zur Verf\u00fcgung gestellt werden, kann es sein, dass die erhaltene Anfrage m\u00f6glicherweise nicht verarbeitet werden kann.<\/p>\n<p style=\"text-align: justify;\">Die Benutzer m\u00fcssen Destination Consultant SL aktuelle personenbezogene Daten zur Verf\u00fcgung stellen, damit die in ihren Dateien enthaltenen Informationen aktuell und fehlerfrei sind.<\/p>\n<h3 style=\"text-align: justify;\"><strong>An wen werden Ihre Daten weitergegeben?<\/strong><\/h3>\n<p style=\"text-align: justify;\">Ihre Daten werden Destination Consultant SL zur Verf\u00fcgung gestellt, um die Anfragen bearbeiten zu k\u00f6nnen.<\/p>\n<p style=\"text-align: justify;\"><strong>Welche Rechte haben Sie, wenn Sie uns Ihre personenbezogenen Daten zur Verf\u00fcgung stellen?<\/strong><\/p>\n<p style=\"text-align: justify;\">Sie k\u00f6nnen Ihr Recht auf Zugang zu Ihren personenbezogenen Daten aus\u00fcben sowie die Berichtigung unrichtiger Daten oder die L\u00f6schung der Daten verlangen, wenn sie f\u00fcr den Zweck, f\u00fcr den sie erhoben wurden, nicht mehr ben\u00f6tigt werden. Sie k\u00f6nnen auch verlangen, dass die Verarbeitung Ihrer Daten unter bestimmten Umst\u00e4nden aus Gr\u00fcnden, die sich auf Ihre spezifische Situation beziehen, eingeschr\u00e4nkt oder eingestellt wird.<\/p>\n<p style=\"text-align: justify;\">Sie haben auch das Recht, Ihre Einwilligung jederzeit zu widerrufen, wobei dies keine r\u00fcckwirkende Auswirkung auf eine bereits erfolgte Verarbeitung personenbezogener Daten hat.<\/p>\n<p style=\"text-align: justify;\">Sie k\u00f6nnen die oben genannten Rechte gem\u00e4\u00df den im anwendbaren Recht festgelegten Bedingungen pers\u00f6nlich bei Destination Consultant SL oder per E-Mail an <a href=\"mailto:booking@toursbasquecountry.com\">booking@toursbasquecountry.com<\/a> aus\u00fcben.<\/p>\n<p style=\"text-align: justify;\">Wenn Sie keine zufriedenstellende Antwort erhalten und eine Beschwerde einreichen oder weitere Informationen zu Ihren Rechten erhalten m\u00f6chten, k\u00f6nnen Sie sich an die spanische Datenschutzbeh\u00f6rde <a href=\"http:\/\/(www.agpd.es\">(www.agpd.es<\/a> \u00a0\u2013 C\/ Jorge Juan, 6 de Madrid) wenden.<\/p>\n<\/div><\/section>\n<\/div><\/div><\/main><!-- close content main element --><\/div><\/div><div id='after_section_1'  class='main_color av_default_container_wrap container_wrap sidebar_right'  ><div class='container av-section-cont-open' ><div class='template-page content  av-content-small alpha units'><div class='post-entry post-entry-type-page post-entry-3023'><div class='entry-content-wrapper clearfix'>\n","protected":false},"excerpt":{"rendered":"","protected":false},"author":1,"featured_media":0,"parent":0,"menu_order":0,"comment_status":"closed","ping_status":"closed","template":"","meta":{"footnotes":""},"class_list":["post-3023","page","type-page","status-publish","hentry"],"aioseo_notices":[],"_links":{"self":[{"href":"https:\/\/basquecountry-spain-dmc.com\/de\/wp-json\/wp\/v2\/pages\/3023","targetHints":{"allow":["GET"]}}],"collection":[{"href":"https:\/\/basquecountry-spain-dmc.com\/de\/wp-json\/wp\/v2\/pages"}],"about":[{"href":"https:\/\/basquecountry-spain-dmc.com\/de\/wp-json\/wp\/v2\/types\/page"}],"author":[{"embeddable":true,"href":"https:\/\/basquecountry-spain-dmc.com\/de\/wp-json\/wp\/v2\/users\/1"}],"replies":[{"embeddable":true,"href":"https:\/\/basquecountry-spain-dmc.com\/de\/wp-json\/wp\/v2\/comments?post=3023"}],"version-history":[{"count":3,"href":"https:\/\/basquecountry-spain-dmc.com\/de\/wp-json\/wp\/v2\/pages\/3023\/revisions"}],"predecessor-version":[{"id":3051,"href":"https:\/\/basquecountry-spain-dmc.com\/de\/wp-json\/wp\/v2\/pages\/3023\/revisions\/3051"}],"wp:attachment":[{"href":"https:\/\/basquecountry-spain-dmc.com\/de\/wp-json\/wp\/v2\/media?parent=3023"}],"curies":[{"name":"wp","href":"https:\/\/api.w.org\/{rel}","templated":true}]}}